{"id":186,"date":"2023-12-03T18:23:18","date_gmt":"2023-12-03T17:23:18","guid":{"rendered":"http:\/\/lesbrie.cluster027.hosting.ovh.net\/?page_id=186"},"modified":"2025-04-13T18:04:43","modified_gmt":"2025-04-13T16:04:43","slug":"jeux-en-bois","status":"publish","type":"page","link":"https:\/\/lesbrindillescreation.com\/index.php\/jeux-en-bois\/","title":{"rendered":"Location"},"content":{"rendered":"\t\t<div data-elementor-type=\"wp-page\" data-elementor-id=\"186\" class=\"elementor elementor-186\">\n\t\t\t\t<div class=\"elementor-element elementor-element-1e95453 e-flex e-con-boxed e-con e-parent\" data-id=\"1e95453\" data-element_type=\"container\" data-e-type=\"container\">\n\t\t\t\t\t<div class=\"e-con-inner\">\n\t\t<div class=\"elementor-element elementor-element-ab8a1eb e-con-full e-flex e-con e-child\" data-id=\"ab8a1eb\" data-element_type=\"container\" data-e-type=\"container\">\n\t\t\t\t<div class=\"elementor-element elementor-element-f84a11b elementor-widget elementor-widget-heading\" data-id=\"f84a11b\" data-element_type=\"widget\" data-e-type=\"widget\" data-widget_type=\"heading.default\">\n\t\t\t\t<div class=\"elementor-widget-container\">\n\t\t\t\t\t<h2 class=\"elementor-heading-title elementor-size-default\">La location<\/h2>\t\t\t\t<\/div>\n\t\t\t\t<\/div>\n\t\t\t\t<\/div>\n\t\t\t\t<div class=\"elementor-element elementor-element-9a9547e elementor-widget__width-initial elementor-widget elementor-widget-text-editor\" data-id=\"9a9547e\" data-element_type=\"widget\" data-e-type=\"widget\" data-widget_type=\"text-editor.default\">\n\t\t\t\t<div class=\"elementor-widget-container\">\n\t\t\t\t\t\t\t\t\t<h1><u>Pour louer votre d\u00e9coration, rien de plus simple:<\/u><\/h1><p><span style=\"font-size: 20px; color: var( --e-global-color-text );\"><b>1-<\/b> S\u00e9lectionnez les articles souhait\u00e9s<\/span><\/p><p><span style=\"font-size: 20px; color: var( --e-global-color-text );\"><b>2- <\/b>Validez votre panier\u00a0<\/span><\/p><p><span style=\"font-size: 20px; color: var( --e-global-color-text );\"><b>3- <\/b>Nous vous ferons parvenir un devis complet, apr\u00e8s v\u00e9rification de la disponibilit\u00e9<\/span><\/p><p><span style=\"font-size: 20px; color: var( --e-global-color-text );\"><b>4-<\/b> Votre demande de location sera valid\u00e9e d\u00e8s r\u00e9ception de l&rsquo;acompte<\/span><\/p>\t\t\t\t\t\t\t\t<\/div>\n\t\t\t\t<\/div>\n\t\t\t\t\t<\/div>\n\t\t\t\t<\/div>\n\t\t<div class=\"elementor-element elementor-element-0cdb253 e-flex e-con-boxed e-con e-parent\" data-id=\"0cdb253\" data-element_type=\"container\" data-e-type=\"container\">\n\t\t\t\t\t<div class=\"e-con-inner\">\n\t\t<div class=\"elementor-element elementor-element-d7b057b e-con-full e-flex e-con e-child\" data-id=\"d7b057b\" data-element_type=\"container\" data-e-type=\"container\">\n\t\t\t\t<div class=\"elementor-element elementor-element-c94bf57 elementor-arrows-position-inside elementor-pagination-position-outside elementor-widget elementor-widget-image-carousel\" data-id=\"c94bf57\" data-element_type=\"widget\" data-e-type=\"widget\" data-settings=\"{&quot;slides_to_show&quot;:&quot;1&quot;,&quot;lazyload&quot;:&quot;yes&quot;,&quot;navigation&quot;:&quot;both&quot;,&quot;autoplay&quot;:&quot;yes&quot;,&quot;pause_on_hover&quot;:&quot;yes&quot;,&quot;pause_on_interaction&quot;:&quot;yes&quot;,&quot;autoplay_speed&quot;:5000,&quot;infinite&quot;:&quot;yes&quot;,&quot;effect&quot;:&quot;slide&quot;,&quot;speed&quot;:500}\" data-widget_type=\"image-carousel.default\">\n\t\t\t\t<div class=\"elementor-widget-container\">\n\t\t\t\t\t\t\t<div class=\"elementor-image-carousel-wrapper swiper\" role=\"region\" aria-roledescription=\"carousel\" aria-label=\"Carrousel d\u2019images\" dir=\"ltr\">\n\t\t\t<div class=\"elementor-image-carousel swiper-wrapper\" aria-live=\"off\">\n\t\t\t\t\t\t\t\t<div class=\"swiper-slide\" role=\"group\" aria-roledescription=\"slide\" aria-label=\"1 sur 6\"><figure class=\"swiper-slide-inner\"><img class=\"swiper-slide-image swiper-lazy\" data-src=\"https:\/\/lesbrindillescreation.com\/wp-content\/uploads\/2023\/12\/1-1-600x600.png\" alt=\"1\" \/><div class=\"swiper-lazy-preloader\"><\/div><\/figure><\/div><div class=\"swiper-slide\" role=\"group\" aria-roledescription=\"slide\" aria-label=\"2 sur 6\"><figure class=\"swiper-slide-inner\"><img class=\"swiper-slide-image swiper-lazy\" data-src=\"https:\/\/lesbrindillescreation.com\/wp-content\/uploads\/2023\/12\/2-2-600x600.png\" alt=\"2\" \/><div class=\"swiper-lazy-preloader\"><\/div><\/figure><\/div><div class=\"swiper-slide\" role=\"group\" aria-roledescription=\"slide\" aria-label=\"3 sur 6\"><figure class=\"swiper-slide-inner\"><img class=\"swiper-slide-image swiper-lazy\" data-src=\"https:\/\/lesbrindillescreation.com\/wp-content\/uploads\/2023\/12\/3-1-600x600.png\" alt=\"3\" \/><div class=\"swiper-lazy-preloader\"><\/div><\/figure><\/div><div class=\"swiper-slide\" role=\"group\" aria-roledescription=\"slide\" aria-label=\"4 sur 6\"><figure class=\"swiper-slide-inner\"><img class=\"swiper-slide-image swiper-lazy\" data-src=\"https:\/\/lesbrindillescreation.com\/wp-content\/uploads\/2023\/12\/4-1-600x600.png\" alt=\"4\" \/><div class=\"swiper-lazy-preloader\"><\/div><\/figure><\/div><div class=\"swiper-slide\" role=\"group\" aria-roledescription=\"slide\" aria-label=\"5 sur 6\"><figure class=\"swiper-slide-inner\"><img class=\"swiper-slide-image swiper-lazy\" data-src=\"https:\/\/lesbrindillescreation.com\/wp-content\/uploads\/2023\/12\/5-1-600x600.png\" alt=\"5\" \/><div class=\"swiper-lazy-preloader\"><\/div><\/figure><\/div><div class=\"swiper-slide\" role=\"group\" aria-roledescription=\"slide\" aria-label=\"6 sur 6\"><figure class=\"swiper-slide-inner\"><img class=\"swiper-slide-image swiper-lazy\" data-src=\"https:\/\/lesbrindillescreation.com\/wp-content\/uploads\/2023\/12\/6-1-600x600.png\" alt=\"6\" \/><div class=\"swiper-lazy-preloader\"><\/div><\/figure><\/div>\t\t\t<\/div>\n\t\t\t\t\t\t\t\t\t\t\t\t<div class=\"elementor-swiper-button elementor-swiper-button-prev\" role=\"button\" tabindex=\"0\">\n\t\t\t\t\t\t<svg aria-hidden=\"true\" class=\"e-font-icon-svg e-fas-chevron-circle-left\" viewBox=\"0 0 512 512\" xmlns=\"http:\/\/www.w3.org\/2000\/svg\"><path d=\"M256 504C119 504 8 393 8 256S119 8 256 8s248 111 248 248-111 248-248 248zM142.1 273l135.5 135.5c9.4 9.4 24.6 9.4 33.9 0l17-17c9.4-9.4 9.4-24.6 0-33.9L226.9 256l101.6-101.6c9.4-9.4 9.4-24.6 0-33.9l-17-17c-9.4-9.4-24.6-9.4-33.9 0L142.1 239c-9.4 9.4-9.4 24.6 0 34z\"><\/path><\/svg>\t\t\t\t\t<\/div>\n\t\t\t\t\t<div class=\"elementor-swiper-button elementor-swiper-button-next\" role=\"button\" tabindex=\"0\">\n\t\t\t\t\t\t<svg aria-hidden=\"true\" class=\"e-font-icon-svg e-fas-chevron-circle-right\" viewBox=\"0 0 512 512\" xmlns=\"http:\/\/www.w3.org\/2000\/svg\"><path d=\"M256 8c137 0 248 111 248 248S393 504 256 504 8 393 8 256 119 8 256 8zm113.9 231L234.4 103.5c-9.4-9.4-24.6-9.4-33.9 0l-17 17c-9.4 9.4-9.4 24.6 0 33.9L285.1 256 183.5 357.6c-9.4 9.4-9.4 24.6 0 33.9l17 17c9.4 9.4 24.6 9.4 33.9 0L369.9 273c9.4-9.4 9.4-24.6 0-34z\"><\/path><\/svg>\t\t\t\t\t<\/div>\n\t\t\t\t\n\t\t\t\t\t\t\t\t\t<div class=\"swiper-pagination\"><\/div>\n\t\t\t\t\t\t\t\t\t<\/div>\n\t\t\t\t\t\t<\/div>\n\t\t\t\t<\/div>\n\t\t\t\t<\/div>\n\t\t<div class=\"elementor-element elementor-element-1a33098 e-con-full e-flex e-con e-child\" data-id=\"1a33098\" data-element_type=\"container\" data-e-type=\"container\">\n\t\t\t\t<div class=\"elementor-element elementor-element-8faa5f2 elementor-invisible elementor-widget elementor-widget-heading\" data-id=\"8faa5f2\" data-element_type=\"widget\" data-e-type=\"widget\" data-settings=\"{&quot;_animation&quot;:&quot;fadeInLeft&quot;}\" data-widget_type=\"heading.default\">\n\t\t\t\t<div class=\"elementor-widget-container\">\n\t\t\t\t\t<h2 class=\"elementor-heading-title elementor-size-default\"><a href=\"https:\/\/lesbrindillescreation.com\/index.php\/boutique\/\">D\u00e9couvrez notre catalogue<\/a><\/h2>\t\t\t\t<\/div>\n\t\t\t\t<\/div>\n\t\t\t\t<\/div>\n\t\t\t\t\t<\/div>\n\t\t\t\t<\/div>\n\t\t<div class=\"elementor-element elementor-element-87747db e-flex e-con-boxed e-con e-parent\" data-id=\"87747db\" data-element_type=\"container\" data-e-type=\"container\">\n\t\t\t\t\t<div class=\"e-con-inner\">\n\t\t\t\t<div class=\"elementor-element elementor-element-47a6057 elementor-align-center elementor-widget elementor-widget-button\" data-id=\"47a6057\" data-element_type=\"widget\" data-e-type=\"widget\" data-widget_type=\"button.default\">\n\t\t\t\t<div class=\"elementor-widget-container\">\n\t\t\t\t\t\t\t\t\t<div class=\"elementor-button-wrapper\">\n\t\t\t\t\t<a class=\"elementor-button elementor-button-link elementor-size-sm\" href=\"https:\/\/lesbrindillescreation.com\/index.php\/formulaire-de-contact\/\">\n\t\t\t\t\t\t<span class=\"elementor-button-content-wrapper\">\n\t\t\t\t\t\t\t\t\t<span class=\"elementor-button-text\">Nous contacter<\/span>\n\t\t\t\t\t<\/span>\n\t\t\t\t\t<\/a>\n\t\t\t\t<\/div>\n\t\t\t\t\t\t\t\t<\/div>\n\t\t\t\t<\/div>\n\t\t\t\t\t<\/div>\n\t\t\t\t<\/div>\n\t\t<div class=\"elementor-element elementor-element-fa33956 e-flex e-con-boxed e-con e-parent\" data-id=\"fa33956\" data-element_type=\"container\" data-e-type=\"container\">\n\t\t\t\t\t<div class=\"e-con-inner\">\n\t\t\t\t<div class=\"elementor-element elementor-element-2bef90f elementor-widget elementor-widget-spacer\" data-id=\"2bef90f\" data-element_type=\"widget\" data-e-type=\"widget\" data-widget_type=\"spacer.default\">\n\t\t\t\t<div class=\"elementor-widget-container\">\n\t\t\t\t\t\t\t<div class=\"elementor-spacer\">\n\t\t\t<div class=\"elementor-spacer-inner\"><\/div>\n\t\t<\/div>\n\t\t\t\t\t\t<\/div>\n\t\t\t\t<\/div>\n\t\t\t\t<div class=\"elementor-element elementor-element-d1ddb97 elementor-widget elementor-widget-heading\" data-id=\"d1ddb97\" data-element_type=\"widget\" data-e-type=\"widget\" data-widget_type=\"heading.default\">\n\t\t\t\t<div class=\"elementor-widget-container\">\n\t\t\t\t\t<h2 class=\"elementor-heading-title elementor-size-small\"><a href=\"https:\/\/lesbrindillescreation.com\/index.php\/condition-de-general-de-location\/\">Conditions g\u00e9n\u00e9rales de location<\/a><\/h2>\t\t\t\t<\/div>\n\t\t\t\t<\/div>\n\t\t\t\t\t<\/div>\n\t\t\t\t<\/div>\n\t\t\t\t<\/div>\n\t\t","protected":false},"excerpt":{"rendered":"<p>La location Pour louer votre d\u00e9coration, rien de plus simple: 1- S\u00e9lectionnez les articles souhait\u00e9s 2- Validez votre panier\u00a0 3- Nous vous ferons parvenir un devis complet, apr\u00e8s v\u00e9rification de la disponibilit\u00e9 4- Votre demande de location sera valid\u00e9e d\u00e8s r\u00e9ception de l&rsquo;acompte D\u00e9couvrez notre catalogue Nous contacter Conditions g\u00e9n\u00e9rales de location<\/p>\n","protected":false},"author":1,"featured_media":0,"parent":0,"menu_order":0,"comment_status":"closed","ping_status":"closed","template":"","meta":{"ocean_post_layout":"","ocean_both_sidebars_style":"","ocean_both_sidebars_content_width":0,"ocean_both_sidebars_sidebars_width":0,"ocean_sidebar":"","ocean_second_sidebar":"","ocean_disable_margins":"enable","ocean_add_body_class":"","ocean_shortcode_before_top_bar":"","ocean_shortcode_after_top_bar":"","ocean_shortcode_before_header":"","ocean_shortcode_after_header":"","ocean_has_shortcode":"","ocean_shortcode_after_title":"","ocean_shortcode_before_footer_widgets":"","ocean_shortcode_after_footer_widgets":"","ocean_shortcode_before_footer_bottom":"","ocean_shortcode_after_footer_bottom":"","ocean_display_top_bar":"default","ocean_display_header":"default","ocean_header_style":"","ocean_center_header_left_menu":"","ocean_custom_header_template":"","ocean_custom_logo":0,"ocean_custom_retina_logo":0,"ocean_custom_logo_max_width":0,"ocean_custom_logo_tablet_max_width":0,"ocean_custom_logo_mobile_max_width":0,"ocean_custom_logo_max_height":0,"ocean_custom_logo_tablet_max_height":0,"ocean_custom_logo_mobile_max_height":0,"ocean_header_custom_menu":"","ocean_menu_typo_font_family":"","ocean_menu_typo_font_subset":"","ocean_menu_typo_font_size":0,"ocean_menu_typo_font_size_tablet":0,"ocean_menu_typo_font_size_mobile":0,"ocean_menu_typo_font_size_unit":"px","ocean_menu_typo_font_weight":"","ocean_menu_typo_font_weight_tablet":"","ocean_menu_typo_font_weight_mobile":"","ocean_menu_typo_transform":"","ocean_menu_typo_transform_tablet":"","ocean_menu_typo_transform_mobile":"","ocean_menu_typo_line_height":0,"ocean_menu_typo_line_height_tablet":0,"ocean_menu_typo_line_height_mobile":0,"ocean_menu_typo_line_height_unit":"","ocean_menu_typo_spacing":0,"ocean_menu_typo_spacing_tablet":0,"ocean_menu_typo_spacing_mobile":0,"ocean_menu_typo_spacing_unit":"","ocean_menu_link_color":"","ocean_menu_link_color_hover":"","ocean_menu_link_color_active":"","ocean_menu_link_background":"","ocean_menu_link_hover_background":"","ocean_menu_link_active_background":"","ocean_menu_social_links_bg":"","ocean_menu_social_hover_links_bg":"","ocean_menu_social_links_color":"","ocean_menu_social_hover_links_color":"","ocean_disable_title":"default","ocean_disable_heading":"default","ocean_post_title":"","ocean_post_subheading":"","ocean_post_title_style":"","ocean_post_title_background_color":"","ocean_post_title_background":0,"ocean_post_title_bg_image_position":"","ocean_post_title_bg_image_attachment":"","ocean_post_title_bg_image_repeat":"","ocean_post_title_bg_image_size":"","ocean_post_title_height":0,"ocean_post_title_bg_overlay":0.5,"ocean_post_title_bg_overlay_color":"","ocean_disable_breadcrumbs":"default","ocean_breadcrumbs_color":"","ocean_breadcrumbs_separator_color":"","ocean_breadcrumbs_links_color":"","ocean_breadcrumbs_links_hover_color":"","ocean_display_footer_widgets":"default","ocean_display_footer_bottom":"default","ocean_custom_footer_template":"","footnotes":""},"class_list":["post-186","page","type-page","status-publish","hentry","entry","owp-thumbs-layout-horizontal","owp-btn-big","owp-tabs-layout-horizontal","has-no-thumbnails","circle-sale"],"yoast_head":"<!-- This site is optimized with the Yoast SEO plugin v27.4 - https:\/\/yoast.com\/product\/yoast-seo-wordpress\/ -->\n<title>LES BRINDILLES - Location Jeux en bois g\u00e9ants pour tous vos \u00e9v\u00e8nements<\/title>\n<meta name=\"description\" content=\"Fabrication et location de jeux en bois g\u00e9ants - Faits main dans notre atelier du sud de la France.\" \/>\n<meta name=\"robots\" content=\"index, follow, max-snippet:-1, max-image-preview:large, max-video-preview:-1\" \/>\n<link rel=\"canonical\" href=\"https:\/\/lesbrindillescreation.com\/index.php\/jeux-en-bois\/\" \/>\n<meta property=\"og:locale\" content=\"fr_FR\" \/>\n<meta property=\"og:type\" content=\"article\" \/>\n<meta property=\"og:title\" content=\"LES BRINDILLES - Location Jeux en bois g\u00e9ants pour tous vos \u00e9v\u00e8nements\" \/>\n<meta property=\"og:description\" content=\"Fabrication et location de jeux en bois g\u00e9ants - Faits main dans notre atelier du sud de la France.\" \/>\n<meta property=\"og:url\" content=\"https:\/\/lesbrindillescreation.com\/index.php\/jeux-en-bois\/\" \/>\n<meta property=\"og:site_name\" content=\"LES BRINDILLES\" \/>\n<meta property=\"article:modified_time\" content=\"2025-04-13T16:04:43+00:00\" \/>\n<meta property=\"og:image\" content=\"https:\/\/lesbrindillescreation.com\/wp-content\/uploads\/2023\/12\/1-1-600x600.png\" \/>\n<meta name=\"twitter:card\" content=\"summary_large_image\" \/>\n<meta name=\"twitter:label1\" content=\"Dur\u00e9e de lecture estim\u00e9e\" \/>\n\t<meta name=\"twitter:data1\" content=\"2 minutes\" \/>\n<script type=\"application\/ld+json\" class=\"yoast-schema-graph\">{\"@context\":\"https:\\\/\\\/schema.org\",\"@graph\":[{\"@type\":\"WebPage\",\"@id\":\"https:\\\/\\\/lesbrindillescreation.com\\\/index.php\\\/jeux-en-bois\\\/\",\"url\":\"https:\\\/\\\/lesbrindillescreation.com\\\/index.php\\\/jeux-en-bois\\\/\",\"name\":\"LES BRINDILLES - Location Jeux en bois g\u00e9ants pour tous vos \u00e9v\u00e8nements\",\"isPartOf\":{\"@id\":\"https:\\\/\\\/lesbrindillescreation.com\\\/#website\"},\"primaryImageOfPage\":{\"@id\":\"https:\\\/\\\/lesbrindillescreation.com\\\/index.php\\\/jeux-en-bois\\\/#primaryimage\"},\"image\":{\"@id\":\"https:\\\/\\\/lesbrindillescreation.com\\\/index.php\\\/jeux-en-bois\\\/#primaryimage\"},\"thumbnailUrl\":\"https:\\\/\\\/lesbrindillescreation.com\\\/wp-content\\\/uploads\\\/2023\\\/12\\\/1-1-600x600.png\",\"datePublished\":\"2023-12-03T17:23:18+00:00\",\"dateModified\":\"2025-04-13T16:04:43+00:00\",\"description\":\"Fabrication et location de jeux en bois g\u00e9ants - Faits main dans notre atelier du sud de la France.\",\"breadcrumb\":{\"@id\":\"https:\\\/\\\/lesbrindillescreation.com\\\/index.php\\\/jeux-en-bois\\\/#breadcrumb\"},\"inLanguage\":\"fr-FR\",\"potentialAction\":[{\"@type\":\"ReadAction\",\"target\":[\"https:\\\/\\\/lesbrindillescreation.com\\\/index.php\\\/jeux-en-bois\\\/\"]}]},{\"@type\":\"ImageObject\",\"inLanguage\":\"fr-FR\",\"@id\":\"https:\\\/\\\/lesbrindillescreation.com\\\/index.php\\\/jeux-en-bois\\\/#primaryimage\",\"url\":\"https:\\\/\\\/lesbrindillescreation.com\\\/wp-content\\\/uploads\\\/2023\\\/12\\\/1-1.png\",\"contentUrl\":\"https:\\\/\\\/lesbrindillescreation.com\\\/wp-content\\\/uploads\\\/2023\\\/12\\\/1-1.png\",\"width\":1080,\"height\":1080},{\"@type\":\"BreadcrumbList\",\"@id\":\"https:\\\/\\\/lesbrindillescreation.com\\\/index.php\\\/jeux-en-bois\\\/#breadcrumb\",\"itemListElement\":[{\"@type\":\"ListItem\",\"position\":1,\"name\":\"Accueil\",\"item\":\"https:\\\/\\\/lesbrindillescreation.com\\\/\"},{\"@type\":\"ListItem\",\"position\":2,\"name\":\"Location\"}]},{\"@type\":\"WebSite\",\"@id\":\"https:\\\/\\\/lesbrindillescreation.com\\\/#website\",\"url\":\"https:\\\/\\\/lesbrindillescreation.com\\\/\",\"name\":\"LES BRINDILLES\",\"description\":\"Rien de se perd, tout se transforme...\",\"publisher\":{\"@id\":\"https:\\\/\\\/lesbrindillescreation.com\\\/#organization\"},\"potentialAction\":[{\"@type\":\"SearchAction\",\"target\":{\"@type\":\"EntryPoint\",\"urlTemplate\":\"https:\\\/\\\/lesbrindillescreation.com\\\/?s={search_term_string}\"},\"query-input\":{\"@type\":\"PropertyValueSpecification\",\"valueRequired\":true,\"valueName\":\"search_term_string\"}}],\"inLanguage\":\"fr-FR\"},{\"@type\":\"Organization\",\"@id\":\"https:\\\/\\\/lesbrindillescreation.com\\\/#organization\",\"name\":\"LES BRINDILLES\",\"url\":\"https:\\\/\\\/lesbrindillescreation.com\\\/\",\"logo\":{\"@type\":\"ImageObject\",\"inLanguage\":\"fr-FR\",\"@id\":\"https:\\\/\\\/lesbrindillescreation.com\\\/#\\\/schema\\\/logo\\\/image\\\/\",\"url\":\"https:\\\/\\\/lesbrindillescreation.com\\\/wp-content\\\/uploads\\\/2023\\\/12\\\/cropped-cropped-Logo-brindilles-1000-\u00d7-1000-px.png\",\"contentUrl\":\"https:\\\/\\\/lesbrindillescreation.com\\\/wp-content\\\/uploads\\\/2023\\\/12\\\/cropped-cropped-Logo-brindilles-1000-\u00d7-1000-px.png\",\"width\":1998,\"height\":1745,\"caption\":\"LES BRINDILLES\"},\"image\":{\"@id\":\"https:\\\/\\\/lesbrindillescreation.com\\\/#\\\/schema\\\/logo\\\/image\\\/\"},\"sameAs\":[\"https:\\\/\\\/www.instagram.com\\\/lesbrindillesdecoration\\\/\"]}]}<\/script>\n<!-- \/ Yoast SEO plugin. -->","yoast_head_json":{"title":"LES BRINDILLES - Location Jeux en bois g\u00e9ants pour tous vos \u00e9v\u00e8nements","description":"Fabrication et location de jeux en bois g\u00e9ants - Faits main dans notre atelier du sud de la France.","robots":{"index":"index","follow":"follow","max-snippet":"max-snippet:-1","max-image-preview":"max-image-preview:large","max-video-preview":"max-video-preview:-1"},"canonical":"https:\/\/lesbrindillescreation.com\/index.php\/jeux-en-bois\/","og_locale":"fr_FR","og_type":"article","og_title":"LES BRINDILLES - Location Jeux en bois g\u00e9ants pour tous vos \u00e9v\u00e8nements","og_description":"Fabrication et location de jeux en bois g\u00e9ants - Faits main dans notre atelier du sud de la France.","og_url":"https:\/\/lesbrindillescreation.com\/index.php\/jeux-en-bois\/","og_site_name":"LES BRINDILLES","article_modified_time":"2025-04-13T16:04:43+00:00","og_image":[{"url":"https:\/\/lesbrindillescreation.com\/wp-content\/uploads\/2023\/12\/1-1-600x600.png","type":"","width":"","height":""}],"twitter_card":"summary_large_image","twitter_misc":{"Dur\u00e9e de lecture estim\u00e9e":"2 minutes"},"schema":{"@context":"https:\/\/schema.org","@graph":[{"@type":"WebPage","@id":"https:\/\/lesbrindillescreation.com\/index.php\/jeux-en-bois\/","url":"https:\/\/lesbrindillescreation.com\/index.php\/jeux-en-bois\/","name":"LES BRINDILLES - Location Jeux en bois g\u00e9ants pour tous vos \u00e9v\u00e8nements","isPartOf":{"@id":"https:\/\/lesbrindillescreation.com\/#website"},"primaryImageOfPage":{"@id":"https:\/\/lesbrindillescreation.com\/index.php\/jeux-en-bois\/#primaryimage"},"image":{"@id":"https:\/\/lesbrindillescreation.com\/index.php\/jeux-en-bois\/#primaryimage"},"thumbnailUrl":"https:\/\/lesbrindillescreation.com\/wp-content\/uploads\/2023\/12\/1-1-600x600.png","datePublished":"2023-12-03T17:23:18+00:00","dateModified":"2025-04-13T16:04:43+00:00","description":"Fabrication et location de jeux en bois g\u00e9ants - Faits main dans notre atelier du sud de la France.","breadcrumb":{"@id":"https:\/\/lesbrindillescreation.com\/index.php\/jeux-en-bois\/#breadcrumb"},"inLanguage":"fr-FR","potentialAction":[{"@type":"ReadAction","target":["https:\/\/lesbrindillescreation.com\/index.php\/jeux-en-bois\/"]}]},{"@type":"ImageObject","inLanguage":"fr-FR","@id":"https:\/\/lesbrindillescreation.com\/index.php\/jeux-en-bois\/#primaryimage","url":"https:\/\/lesbrindillescreation.com\/wp-content\/uploads\/2023\/12\/1-1.png","contentUrl":"https:\/\/lesbrindillescreation.com\/wp-content\/uploads\/2023\/12\/1-1.png","width":1080,"height":1080},{"@type":"BreadcrumbList","@id":"https:\/\/lesbrindillescreation.com\/index.php\/jeux-en-bois\/#breadcrumb","itemListElement":[{"@type":"ListItem","position":1,"name":"Accueil","item":"https:\/\/lesbrindillescreation.com\/"},{"@type":"ListItem","position":2,"name":"Location"}]},{"@type":"WebSite","@id":"https:\/\/lesbrindillescreation.com\/#website","url":"https:\/\/lesbrindillescreation.com\/","name":"LES BRINDILLES","description":"Rien de se perd, tout se transforme...","publisher":{"@id":"https:\/\/lesbrindillescreation.com\/#organization"},"potentialAction":[{"@type":"SearchAction","target":{"@type":"EntryPoint","urlTemplate":"https:\/\/lesbrindillescreation.com\/?s={search_term_string}"},"query-input":{"@type":"PropertyValueSpecification","valueRequired":true,"valueName":"search_term_string"}}],"inLanguage":"fr-FR"},{"@type":"Organization","@id":"https:\/\/lesbrindillescreation.com\/#organization","name":"LES BRINDILLES","url":"https:\/\/lesbrindillescreation.com\/","logo":{"@type":"ImageObject","inLanguage":"fr-FR","@id":"https:\/\/lesbrindillescreation.com\/#\/schema\/logo\/image\/","url":"https:\/\/lesbrindillescreation.com\/wp-content\/uploads\/2023\/12\/cropped-cropped-Logo-brindilles-1000-\u00d7-1000-px.png","contentUrl":"https:\/\/lesbrindillescreation.com\/wp-content\/uploads\/2023\/12\/cropped-cropped-Logo-brindilles-1000-\u00d7-1000-px.png","width":1998,"height":1745,"caption":"LES BRINDILLES"},"image":{"@id":"https:\/\/lesbrindillescreation.com\/#\/schema\/logo\/image\/"},"sameAs":["https:\/\/www.instagram.com\/lesbrindillesdecoration\/"]}]}},"_links":{"self":[{"href":"https:\/\/lesbrindillescreation.com\/index.php\/wp-json\/wp\/v2\/pages\/186","targetHints":{"allow":["GET"]}}],"collection":[{"href":"https:\/\/lesbrindillescreation.com\/index.php\/wp-json\/wp\/v2\/pages"}],"about":[{"href":"https:\/\/lesbrindillescreation.com\/index.php\/wp-json\/wp\/v2\/types\/page"}],"author":[{"embeddable":true,"href":"https:\/\/lesbrindillescreation.com\/index.php\/wp-json\/wp\/v2\/users\/1"}],"replies":[{"embeddable":true,"href":"https:\/\/lesbrindillescreation.com\/index.php\/wp-json\/wp\/v2\/comments?post=186"}],"version-history":[{"count":94,"href":"https:\/\/lesbrindillescreation.com\/index.php\/wp-json\/wp\/v2\/pages\/186\/revisions"}],"predecessor-version":[{"id":2629,"href":"https:\/\/lesbrindillescreation.com\/index.php\/wp-json\/wp\/v2\/pages\/186\/revisions\/2629"}],"wp:attachment":[{"href":"https:\/\/lesbrindillescreation.com\/index.php\/wp-json\/wp\/v2\/media?parent=186"}],"curies":[{"name":"wp","href":"https:\/\/api.w.org\/{rel}","templated":true}]}}