{"id":3120,"date":"2026-01-21T19:53:40","date_gmt":"2026-01-21T18:53:40","guid":{"rendered":"https:\/\/lesbrindillescreation.com\/?page_id=3120"},"modified":"2026-01-23T10:29:21","modified_gmt":"2026-01-23T09:29:21","slug":"mariage","status":"publish","type":"page","link":"https:\/\/lesbrindillescreation.com\/index.php\/mariage\/","title":{"rendered":"Mariage"},"content":{"rendered":"\t\t<div data-elementor-type=\"wp-page\" data-elementor-id=\"3120\" class=\"elementor elementor-3120\">\n\t\t\t\t<div class=\"elementor-element elementor-element-45f056f e-flex e-con-boxed e-con e-parent\" data-id=\"45f056f\" data-element_type=\"container\" data-e-type=\"container\">\n\t\t\t\t\t<div class=\"e-con-inner\">\n\t\t\t\t<div class=\"elementor-element elementor-element-63c6453 elementor-widget elementor-widget-heading\" data-id=\"63c6453\" data-element_type=\"widget\" data-e-type=\"widget\" data-widget_type=\"heading.default\">\n\t\t\t\t<div class=\"elementor-widget-container\">\n\t\t\t\t\t<h2 class=\"elementor-heading-title elementor-size-default\">Mariage<\/h2>\t\t\t\t<\/div>\n\t\t\t\t<\/div>\n\t\t\t\t\t<\/div>\n\t\t\t\t<\/div>\n\t\t<div class=\"elementor-element elementor-element-17c08d2 e-flex e-con-boxed e-con e-parent\" data-id=\"17c08d2\" data-element_type=\"container\" data-e-type=\"container\">\n\t\t\t\t\t<div class=\"e-con-inner\">\n\t\t\t\t<div class=\"elementor-element elementor-element-d08827d elementor-widget elementor-widget-text-editor\" data-id=\"d08827d\" data-element_type=\"widget\" data-e-type=\"widget\" data-widget_type=\"text-editor.default\">\n\t\t\t\t<div class=\"elementor-widget-container\">\n\t\t\t\t\t\t\t\t\t<p style=\"text-align: center;\"><em>D\u00e9coration et sc\u00e9nographie sur-mesure pour votre plus belle journ\u00e9e<\/em><\/p>\t\t\t\t\t\t\t\t<\/div>\n\t\t\t\t<\/div>\n\t\t\t\t\t<\/div>\n\t\t\t\t<\/div>\n\t\t<div class=\"elementor-element elementor-element-5b73f93 e-flex e-con-boxed e-con e-parent\" data-id=\"5b73f93\" data-element_type=\"container\" data-e-type=\"container\">\n\t\t\t\t\t<div class=\"e-con-inner\">\n\t\t\t\t<div class=\"elementor-element elementor-element-52974d8 elementor-widget elementor-widget-spacer\" data-id=\"52974d8\" data-element_type=\"widget\" data-e-type=\"widget\" data-widget_type=\"spacer.default\">\n\t\t\t\t<div class=\"elementor-widget-container\">\n\t\t\t\t\t\t\t<div class=\"elementor-spacer\">\n\t\t\t<div class=\"elementor-spacer-inner\"><\/div>\n\t\t<\/div>\n\t\t\t\t\t\t<\/div>\n\t\t\t\t<\/div>\n\t\t\t\t\t<\/div>\n\t\t\t\t<\/div>\n\t\t<div class=\"elementor-element elementor-element-c0a547d e-flex e-con-boxed e-con e-parent\" data-id=\"c0a547d\" data-element_type=\"container\" data-e-type=\"container\">\n\t\t\t\t\t<div class=\"e-con-inner\">\n\t\t<div class=\"elementor-element elementor-element-86ffd3b e-con-full e-flex e-con e-child\" data-id=\"86ffd3b\" data-element_type=\"container\" data-e-type=\"container\">\n\t\t\t\t<div class=\"elementor-element elementor-element-2db94ad elementor-widget elementor-widget-image\" data-id=\"2db94ad\" data-element_type=\"widget\" data-e-type=\"widget\" data-widget_type=\"image.default\">\n\t\t\t\t<div class=\"elementor-widget-container\">\n\t\t\t\t\t\t\t\t\t\t\t\t\t\t\t<img decoding=\"async\" src=\"https:\/\/lesbrindillescreation.com\/wp-content\/uploads\/2026\/01\/LEN5000.jpg\" class=\"attachment-full size-full wp-image-3066\" alt=\"\" \/>\t\t\t\t\t\t\t\t\t\t\t\t\t\t\t<\/div>\n\t\t\t\t<\/div>\n\t\t\t\t<\/div>\n\t\t<div class=\"elementor-element elementor-element-202ef71 e-con-full e-flex e-con e-child\" data-id=\"202ef71\" data-element_type=\"container\" data-e-type=\"container\">\n\t\t\t\t<div class=\"elementor-element elementor-element-95dde33 elementor-widget elementor-widget-text-editor\" data-id=\"95dde33\" data-element_type=\"widget\" data-e-type=\"widget\" data-widget_type=\"text-editor.default\">\n\t\t\t\t<div class=\"elementor-widget-container\">\n\t\t\t\t\t\t\t\t\t<p data-start=\"132\" data-end=\"374\">Chaque mariage m\u00e9rite une ambiance qui raconte votre histoire.<br data-start=\"194\" data-end=\"197\" \/>Chez Les Brindilles Cr\u00e9ation, nous imaginons et mettons en sc\u00e8ne des d\u00e9cors naturels et sur-mesure, pens\u00e9s pour sublimer les lieux et accompagner chaque moment de votre journ\u00e9e.<\/p><p data-start=\"376\" data-end=\"571\">De la c\u00e9r\u00e9monie au d\u00eener, en passant par les espaces de r\u00e9ception, nous concevons des univers chaleureux, \u00e9l\u00e9gants et doux en accord avec votre personnalit\u00e9 et l\u2019esprit de votre mariage.<\/p><p data-start=\"573\" data-end=\"768\">Notre approche est \u00e0 la fois cr\u00e9ative et concr\u00e8te : imaginer une ambiance, fabriquer les \u00e9l\u00e9ments lorsque c\u2019est n\u00e9cessaire, puis les installer avec soin pour que votre d\u00e9cor prenne vie le jour J.<\/p>\t\t\t\t\t\t\t\t<\/div>\n\t\t\t\t<\/div>\n\t\t\t\t<div class=\"elementor-element elementor-element-58c1efd elementor-align-center elementor-widget elementor-widget-button\" data-id=\"58c1efd\" data-element_type=\"widget\" data-e-type=\"widget\" data-widget_type=\"button.default\">\n\t\t\t\t<div class=\"elementor-widget-container\">\n\t\t\t\t\t\t\t\t\t<div class=\"elementor-button-wrapper\">\n\t\t\t\t\t<a class=\"elementor-button elementor-button-link elementor-size-sm\" href=\"https:\/\/lesbrindillescreation.com\/index.php\/elementor-2749\/\">\n\t\t\t\t\t\t<span class=\"elementor-button-content-wrapper\">\n\t\t\t\t\t\t\t\t\t<span class=\"elementor-button-text\">Demander mon devis<\/span>\n\t\t\t\t\t<\/span>\n\t\t\t\t\t<\/a>\n\t\t\t\t<\/div>\n\t\t\t\t\t\t\t\t<\/div>\n\t\t\t\t<\/div>\n\t\t\t\t<\/div>\n\t\t\t\t\t<\/div>\n\t\t\t\t<\/div>\n\t\t<div class=\"elementor-element elementor-element-832b7de e-con-full e-flex e-con e-parent\" data-id=\"832b7de\" data-element_type=\"container\" data-e-type=\"container\" data-settings=\"{&quot;background_background&quot;:&quot;classic&quot;,&quot;shape_divider_bottom&quot;:&quot;split&quot;}\">\n\t\t\t\t<div class=\"elementor-shape elementor-shape-bottom\" aria-hidden=\"true\" data-negative=\"false\">\n\t\t\t<svg xmlns=\"http:\/\/www.w3.org\/2000\/svg\" viewBox=\"0 0 1000 20\" preserveAspectRatio=\"none\">\n\t<path class=\"elementor-shape-fill\" d=\"M0,0v3c0,0,393.8,0,483.4,0c9.2,0,16.6,7.4,16.6,16.6c0-9.1,7.4-16.6,16.6-16.6C606.2,3,1000,3,1000,3V0H0z\"\/>\n<\/svg>\t\t<\/div>\n\t\t\t\t<\/div>\n\t\t<div class=\"elementor-element elementor-element-e170abe e-flex e-con-boxed e-con e-parent\" data-id=\"e170abe\" data-element_type=\"container\" data-e-type=\"container\">\n\t\t\t\t\t<div class=\"e-con-inner\">\n\t\t\t\t<div class=\"elementor-element elementor-element-208d175 elementor-widget elementor-widget-heading\" data-id=\"208d175\" data-element_type=\"widget\" data-e-type=\"widget\" data-widget_type=\"heading.default\">\n\t\t\t\t<div class=\"elementor-widget-container\">\n\t\t\t\t\t<h2 class=\"elementor-heading-title elementor-size-default\">Notre travail<\/h2>\t\t\t\t<\/div>\n\t\t\t\t<\/div>\n\t\t\t\t\t<\/div>\n\t\t\t\t<\/div>\n\t\t<div class=\"elementor-element elementor-element-dc4649d e-flex e-con-boxed e-con e-parent\" data-id=\"dc4649d\" data-element_type=\"container\" data-e-type=\"container\">\n\t\t\t\t\t<div class=\"e-con-inner\">\n\t\t<div class=\"elementor-element elementor-element-64d1fb6 e-con-full e-flex e-con e-child\" data-id=\"64d1fb6\" data-element_type=\"container\" data-e-type=\"container\">\n\t\t\t\t<div class=\"elementor-element elementor-element-04e9e84 elementor-widget__width-inherit elementor-widget elementor-widget-text-editor\" data-id=\"04e9e84\" data-element_type=\"widget\" data-e-type=\"widget\" data-widget_type=\"text-editor.default\">\n\t\t\t\t<div class=\"elementor-widget-container\">\n\t\t\t\t\t\t\t\t\t<p>Chaque projet commence par l\u2019\u00e9coute. Vos envies, vos doutes, votre budget, vos contraintes techniques. Nous prenons le temps de comprendre ce qui compte vraiment pour vous afin de construire une d\u00e9coration coh\u00e9rente, \u00e9quilibr\u00e9e et adapt\u00e9e \u00e0 votre mariage.<\/p><p>Nous travaillons \u00e0 partir de l\u2019existant : le lieu, la lumi\u00e8re, les volumes, les mati\u00e8res. L\u2019objectif n\u2019est pas d\u2019en faire trop, mais de faire juste.<\/p>\t\t\t\t\t\t\t\t<\/div>\n\t\t\t\t<\/div>\n\t\t\t\t<\/div>\n\t\t<div class=\"elementor-element elementor-element-7c243b8 e-con-full e-flex e-con e-child\" data-id=\"7c243b8\" data-element_type=\"container\" data-e-type=\"container\">\n\t\t\t\t<div class=\"elementor-element elementor-element-c810a17 elementor-widget elementor-widget-text-editor\" data-id=\"c810a17\" data-element_type=\"widget\" data-e-type=\"widget\" data-widget_type=\"text-editor.default\">\n\t\t\t\t<div class=\"elementor-widget-container\">\n\t\t\t\t\t\t\t\t\t<p>De la premi\u00e8re id\u00e9e \u00e0 l\u2019installation le jour J, nous vous accompagnons \u00e0 chaque \u00e9tape. Conseils, choix des \u00e9l\u00e9ments, cr\u00e9ations sur mesure, location de mobilier, mise en place sur site : tout est pens\u00e9 pour que vous puissiez avancer sereinement, sans surcharge ni mauvaise surprise.<\/p>\t\t\t\t\t\t\t\t<\/div>\n\t\t\t\t<\/div>\n\t\t\t\t<\/div>\n\t\t\t\t\t<\/div>\n\t\t\t\t<\/div>\n\t\t\t\t<\/div>\n\t\t","protected":false},"excerpt":{"rendered":"<p>Mariage D\u00e9coration et sc\u00e9nographie sur-mesure pour votre plus belle journ\u00e9e Chaque mariage m\u00e9rite une ambiance qui raconte votre histoire.Chez Les Brindilles Cr\u00e9ation, nous imaginons et mettons en sc\u00e8ne des d\u00e9cors naturels et sur-mesure, pens\u00e9s pour sublimer les lieux et accompagner chaque moment de votre journ\u00e9e. De la c\u00e9r\u00e9monie au d\u00eener, en passant par les espaces [&hellip;]<\/p>\n","protected":false},"author":1,"featured_media":0,"parent":0,"menu_order":0,"comment_status":"closed","ping_status":"closed","template":"elementor_header_footer","meta":{"ocean_post_layout":"","ocean_both_sidebars_style":"","ocean_both_sidebars_content_width":0,"ocean_both_sidebars_sidebars_width":0,"ocean_sidebar":"","ocean_second_sidebar":"","ocean_disable_margins":"enable","ocean_add_body_class":"","ocean_shortcode_before_top_bar":"","ocean_shortcode_after_top_bar":"","ocean_shortcode_before_header":"","ocean_shortcode_after_header":"","ocean_has_shortcode":"","ocean_shortcode_after_title":"","ocean_shortcode_before_footer_widgets":"","ocean_shortcode_after_footer_widgets":"","ocean_shortcode_before_footer_bottom":"","ocean_shortcode_after_footer_bottom":"","ocean_display_top_bar":"default","ocean_display_header":"default","ocean_header_style":"","ocean_center_header_left_menu":"","ocean_custom_header_template":"","ocean_custom_logo":0,"ocean_custom_retina_logo":0,"ocean_custom_logo_max_width":0,"ocean_custom_logo_tablet_max_width":0,"ocean_custom_logo_mobile_max_width":0,"ocean_custom_logo_max_height":0,"ocean_custom_logo_tablet_max_height":0,"ocean_custom_logo_mobile_max_height":0,"ocean_header_custom_menu":"","ocean_menu_typo_font_family":"","ocean_menu_typo_font_subset":"","ocean_menu_typo_font_size":0,"ocean_menu_typo_font_size_tablet":0,"ocean_menu_typo_font_size_mobile":0,"ocean_menu_typo_font_size_unit":"px","ocean_menu_typo_font_weight":"","ocean_menu_typo_font_weight_tablet":"","ocean_menu_typo_font_weight_mobile":"","ocean_menu_typo_transform":"","ocean_menu_typo_transform_tablet":"","ocean_menu_typo_transform_mobile":"","ocean_menu_typo_line_height":0,"ocean_menu_typo_line_height_tablet":0,"ocean_menu_typo_line_height_mobile":0,"ocean_menu_typo_line_height_unit":"","ocean_menu_typo_spacing":0,"ocean_menu_typo_spacing_tablet":0,"ocean_menu_typo_spacing_mobile":0,"ocean_menu_typo_spacing_unit":"","ocean_menu_link_color":"","ocean_menu_link_color_hover":"","ocean_menu_link_color_active":"","ocean_menu_link_background":"","ocean_menu_link_hover_background":"","ocean_menu_link_active_background":"","ocean_menu_social_links_bg":"","ocean_menu_social_hover_links_bg":"","ocean_menu_social_links_color":"","ocean_menu_social_hover_links_color":"","ocean_disable_title":"default","ocean_disable_heading":"default","ocean_post_title":"","ocean_post_subheading":"","ocean_post_title_style":"","ocean_post_title_background_color":"","ocean_post_title_background":0,"ocean_post_title_bg_image_position":"","ocean_post_title_bg_image_attachment":"","ocean_post_title_bg_image_repeat":"","ocean_post_title_bg_image_size":"","ocean_post_title_height":0,"ocean_post_title_bg_overlay":0.5,"ocean_post_title_bg_overlay_color":"","ocean_disable_breadcrumbs":"default","ocean_breadcrumbs_color":"","ocean_breadcrumbs_separator_color":"","ocean_breadcrumbs_links_color":"","ocean_breadcrumbs_links_hover_color":"","ocean_display_footer_widgets":"default","ocean_display_footer_bottom":"default","ocean_custom_footer_template":"","footnotes":""},"class_list":["post-3120","page","type-page","status-publish","hentry","entry","owp-thumbs-layout-horizontal","owp-btn-big","owp-tabs-layout-horizontal","has-no-thumbnails","circle-sale"],"yoast_head":"<!-- This site is optimized with the Yoast SEO plugin v27.4 - https:\/\/yoast.com\/product\/yoast-seo-wordpress\/ -->\n<title>Mariage - LES BRINDILLES<\/title>\n<meta name=\"robots\" content=\"index, follow, max-snippet:-1, max-image-preview:large, max-video-preview:-1\" \/>\n<link rel=\"canonical\" href=\"https:\/\/lesbrindillescreation.com\/index.php\/mariage\/\" \/>\n<meta property=\"og:locale\" content=\"fr_FR\" \/>\n<meta property=\"og:type\" content=\"article\" \/>\n<meta property=\"og:title\" content=\"Mariage - LES BRINDILLES\" \/>\n<meta property=\"og:description\" content=\"Mariage D\u00e9coration et sc\u00e9nographie sur-mesure pour votre plus belle journ\u00e9e Chaque mariage m\u00e9rite une ambiance qui raconte votre histoire.Chez Les Brindilles Cr\u00e9ation, nous imaginons et mettons en sc\u00e8ne des d\u00e9cors naturels et sur-mesure, pens\u00e9s pour sublimer les lieux et accompagner chaque moment de votre journ\u00e9e. De la c\u00e9r\u00e9monie au d\u00eener, en passant par les espaces [&hellip;]\" \/>\n<meta property=\"og:url\" content=\"https:\/\/lesbrindillescreation.com\/index.php\/mariage\/\" \/>\n<meta property=\"og:site_name\" content=\"LES BRINDILLES\" \/>\n<meta property=\"article:modified_time\" content=\"2026-01-23T09:29:21+00:00\" \/>\n<meta property=\"og:image\" content=\"https:\/\/lesbrindillescreation.com\/wp-content\/uploads\/2026\/01\/LEN5000.jpg\" \/>\n\t<meta property=\"og:image:width\" content=\"1\" \/>\n\t<meta property=\"og:image:height\" content=\"1\" \/>\n\t<meta property=\"og:image:type\" content=\"image\/jpeg\" \/>\n<meta name=\"twitter:card\" content=\"summary_large_image\" \/>\n<meta name=\"twitter:label1\" content=\"Dur\u00e9e de lecture estim\u00e9e\" \/>\n\t<meta name=\"twitter:data1\" content=\"1 minute\" \/>\n<script type=\"application\/ld+json\" class=\"yoast-schema-graph\">{\"@context\":\"https:\\\/\\\/schema.org\",\"@graph\":[{\"@type\":\"WebPage\",\"@id\":\"https:\\\/\\\/lesbrindillescreation.com\\\/index.php\\\/mariage\\\/\",\"url\":\"https:\\\/\\\/lesbrindillescreation.com\\\/index.php\\\/mariage\\\/\",\"name\":\"Mariage - LES BRINDILLES\",\"isPartOf\":{\"@id\":\"https:\\\/\\\/lesbrindillescreation.com\\\/#website\"},\"primaryImageOfPage\":{\"@id\":\"https:\\\/\\\/lesbrindillescreation.com\\\/index.php\\\/mariage\\\/#primaryimage\"},\"image\":{\"@id\":\"https:\\\/\\\/lesbrindillescreation.com\\\/index.php\\\/mariage\\\/#primaryimage\"},\"thumbnailUrl\":\"https:\\\/\\\/lesbrindillescreation.com\\\/wp-content\\\/uploads\\\/2026\\\/01\\\/LEN5000.jpg\",\"datePublished\":\"2026-01-21T18:53:40+00:00\",\"dateModified\":\"2026-01-23T09:29:21+00:00\",\"breadcrumb\":{\"@id\":\"https:\\\/\\\/lesbrindillescreation.com\\\/index.php\\\/mariage\\\/#breadcrumb\"},\"inLanguage\":\"fr-FR\",\"potentialAction\":[{\"@type\":\"ReadAction\",\"target\":[\"https:\\\/\\\/lesbrindillescreation.com\\\/index.php\\\/mariage\\\/\"]}]},{\"@type\":\"ImageObject\",\"inLanguage\":\"fr-FR\",\"@id\":\"https:\\\/\\\/lesbrindillescreation.com\\\/index.php\\\/mariage\\\/#primaryimage\",\"url\":\"https:\\\/\\\/lesbrindillescreation.com\\\/wp-content\\\/uploads\\\/2026\\\/01\\\/LEN5000.jpg\",\"contentUrl\":\"https:\\\/\\\/lesbrindillescreation.com\\\/wp-content\\\/uploads\\\/2026\\\/01\\\/LEN5000.jpg\"},{\"@type\":\"BreadcrumbList\",\"@id\":\"https:\\\/\\\/lesbrindillescreation.com\\\/index.php\\\/mariage\\\/#breadcrumb\",\"itemListElement\":[{\"@type\":\"ListItem\",\"position\":1,\"name\":\"Accueil\",\"item\":\"https:\\\/\\\/lesbrindillescreation.com\\\/\"},{\"@type\":\"ListItem\",\"position\":2,\"name\":\"Mariage\"}]},{\"@type\":\"WebSite\",\"@id\":\"https:\\\/\\\/lesbrindillescreation.com\\\/#website\",\"url\":\"https:\\\/\\\/lesbrindillescreation.com\\\/\",\"name\":\"LES BRINDILLES\",\"description\":\"Rien de se perd, tout se transforme...\",\"publisher\":{\"@id\":\"https:\\\/\\\/lesbrindillescreation.com\\\/#organization\"},\"potentialAction\":[{\"@type\":\"SearchAction\",\"target\":{\"@type\":\"EntryPoint\",\"urlTemplate\":\"https:\\\/\\\/lesbrindillescreation.com\\\/?s={search_term_string}\"},\"query-input\":{\"@type\":\"PropertyValueSpecification\",\"valueRequired\":true,\"valueName\":\"search_term_string\"}}],\"inLanguage\":\"fr-FR\"},{\"@type\":\"Organization\",\"@id\":\"https:\\\/\\\/lesbrindillescreation.com\\\/#organization\",\"name\":\"LES BRINDILLES\",\"url\":\"https:\\\/\\\/lesbrindillescreation.com\\\/\",\"logo\":{\"@type\":\"ImageObject\",\"inLanguage\":\"fr-FR\",\"@id\":\"https:\\\/\\\/lesbrindillescreation.com\\\/#\\\/schema\\\/logo\\\/image\\\/\",\"url\":\"https:\\\/\\\/lesbrindillescreation.com\\\/wp-content\\\/uploads\\\/2023\\\/12\\\/cropped-cropped-Logo-brindilles-1000-\u00d7-1000-px.png\",\"contentUrl\":\"https:\\\/\\\/lesbrindillescreation.com\\\/wp-content\\\/uploads\\\/2023\\\/12\\\/cropped-cropped-Logo-brindilles-1000-\u00d7-1000-px.png\",\"width\":1998,\"height\":1745,\"caption\":\"LES BRINDILLES\"},\"image\":{\"@id\":\"https:\\\/\\\/lesbrindillescreation.com\\\/#\\\/schema\\\/logo\\\/image\\\/\"},\"sameAs\":[\"https:\\\/\\\/www.instagram.com\\\/lesbrindillesdecoration\\\/\"]}]}<\/script>\n<!-- \/ Yoast SEO plugin. -->","yoast_head_json":{"title":"Mariage - LES BRINDILLES","robots":{"index":"index","follow":"follow","max-snippet":"max-snippet:-1","max-image-preview":"max-image-preview:large","max-video-preview":"max-video-preview:-1"},"canonical":"https:\/\/lesbrindillescreation.com\/index.php\/mariage\/","og_locale":"fr_FR","og_type":"article","og_title":"Mariage - LES BRINDILLES","og_description":"Mariage D\u00e9coration et sc\u00e9nographie sur-mesure pour votre plus belle journ\u00e9e Chaque mariage m\u00e9rite une ambiance qui raconte votre histoire.Chez Les Brindilles Cr\u00e9ation, nous imaginons et mettons en sc\u00e8ne des d\u00e9cors naturels et sur-mesure, pens\u00e9s pour sublimer les lieux et accompagner chaque moment de votre journ\u00e9e. De la c\u00e9r\u00e9monie au d\u00eener, en passant par les espaces [&hellip;]","og_url":"https:\/\/lesbrindillescreation.com\/index.php\/mariage\/","og_site_name":"LES BRINDILLES","article_modified_time":"2026-01-23T09:29:21+00:00","og_image":[{"url":"https:\/\/lesbrindillescreation.com\/wp-content\/uploads\/2026\/01\/LEN5000.jpg","width":1,"height":1,"type":"image\/jpeg"}],"twitter_card":"summary_large_image","twitter_misc":{"Dur\u00e9e de lecture estim\u00e9e":"1 minute"},"schema":{"@context":"https:\/\/schema.org","@graph":[{"@type":"WebPage","@id":"https:\/\/lesbrindillescreation.com\/index.php\/mariage\/","url":"https:\/\/lesbrindillescreation.com\/index.php\/mariage\/","name":"Mariage - LES BRINDILLES","isPartOf":{"@id":"https:\/\/lesbrindillescreation.com\/#website"},"primaryImageOfPage":{"@id":"https:\/\/lesbrindillescreation.com\/index.php\/mariage\/#primaryimage"},"image":{"@id":"https:\/\/lesbrindillescreation.com\/index.php\/mariage\/#primaryimage"},"thumbnailUrl":"https:\/\/lesbrindillescreation.com\/wp-content\/uploads\/2026\/01\/LEN5000.jpg","datePublished":"2026-01-21T18:53:40+00:00","dateModified":"2026-01-23T09:29:21+00:00","breadcrumb":{"@id":"https:\/\/lesbrindillescreation.com\/index.php\/mariage\/#breadcrumb"},"inLanguage":"fr-FR","potentialAction":[{"@type":"ReadAction","target":["https:\/\/lesbrindillescreation.com\/index.php\/mariage\/"]}]},{"@type":"ImageObject","inLanguage":"fr-FR","@id":"https:\/\/lesbrindillescreation.com\/index.php\/mariage\/#primaryimage","url":"https:\/\/lesbrindillescreation.com\/wp-content\/uploads\/2026\/01\/LEN5000.jpg","contentUrl":"https:\/\/lesbrindillescreation.com\/wp-content\/uploads\/2026\/01\/LEN5000.jpg"},{"@type":"BreadcrumbList","@id":"https:\/\/lesbrindillescreation.com\/index.php\/mariage\/#breadcrumb","itemListElement":[{"@type":"ListItem","position":1,"name":"Accueil","item":"https:\/\/lesbrindillescreation.com\/"},{"@type":"ListItem","position":2,"name":"Mariage"}]},{"@type":"WebSite","@id":"https:\/\/lesbrindillescreation.com\/#website","url":"https:\/\/lesbrindillescreation.com\/","name":"LES BRINDILLES","description":"Rien de se perd, tout se transforme...","publisher":{"@id":"https:\/\/lesbrindillescreation.com\/#organization"},"potentialAction":[{"@type":"SearchAction","target":{"@type":"EntryPoint","urlTemplate":"https:\/\/lesbrindillescreation.com\/?s={search_term_string}"},"query-input":{"@type":"PropertyValueSpecification","valueRequired":true,"valueName":"search_term_string"}}],"inLanguage":"fr-FR"},{"@type":"Organization","@id":"https:\/\/lesbrindillescreation.com\/#organization","name":"LES BRINDILLES","url":"https:\/\/lesbrindillescreation.com\/","logo":{"@type":"ImageObject","inLanguage":"fr-FR","@id":"https:\/\/lesbrindillescreation.com\/#\/schema\/logo\/image\/","url":"https:\/\/lesbrindillescreation.com\/wp-content\/uploads\/2023\/12\/cropped-cropped-Logo-brindilles-1000-\u00d7-1000-px.png","contentUrl":"https:\/\/lesbrindillescreation.com\/wp-content\/uploads\/2023\/12\/cropped-cropped-Logo-brindilles-1000-\u00d7-1000-px.png","width":1998,"height":1745,"caption":"LES BRINDILLES"},"image":{"@id":"https:\/\/lesbrindillescreation.com\/#\/schema\/logo\/image\/"},"sameAs":["https:\/\/www.instagram.com\/lesbrindillesdecoration\/"]}]}},"_links":{"self":[{"href":"https:\/\/lesbrindillescreation.com\/index.php\/wp-json\/wp\/v2\/pages\/3120","targetHints":{"allow":["GET"]}}],"collection":[{"href":"https:\/\/lesbrindillescreation.com\/index.php\/wp-json\/wp\/v2\/pages"}],"about":[{"href":"https:\/\/lesbrindillescreation.com\/index.php\/wp-json\/wp\/v2\/types\/page"}],"author":[{"embeddable":true,"href":"https:\/\/lesbrindillescreation.com\/index.php\/wp-json\/wp\/v2\/users\/1"}],"replies":[{"embeddable":true,"href":"https:\/\/lesbrindillescreation.com\/index.php\/wp-json\/wp\/v2\/comments?post=3120"}],"version-history":[{"count":39,"href":"https:\/\/lesbrindillescreation.com\/index.php\/wp-json\/wp\/v2\/pages\/3120\/revisions"}],"predecessor-version":[{"id":3333,"href":"https:\/\/lesbrindillescreation.com\/index.php\/wp-json\/wp\/v2\/pages\/3120\/revisions\/3333"}],"wp:attachment":[{"href":"https:\/\/lesbrindillescreation.com\/index.php\/wp-json\/wp\/v2\/media?parent=3120"}],"curies":[{"name":"wp","href":"https:\/\/api.w.org\/{rel}","templated":true}]}}