{"id":1707,"date":"2024-04-01T21:16:35","date_gmt":"2024-04-01T19:16:35","guid":{"rendered":"https:\/\/lesbrindillescreation.com\/?post_type=product&#038;p=1707"},"modified":"2024-09-29T10:37:44","modified_gmt":"2024-09-29T08:37:44","slug":"jungle-ball","status":"publish","type":"product","link":"https:\/\/lesbrindillescreation.com\/index.php\/produit\/jungle-ball\/","title":{"rendered":"JUNGLE BALL"},"content":{"rendered":"","protected":false},"excerpt":{"rendered":"<p>Traverse la jungle sans tomber dans les pi\u00e8ges&#8230;Le but est de tirer les ficelles afin de faire suivre le parcours \u00e0 la bille. Cependant attention \u00e0 ne pas faire tomber la bille dans les trous, sinon celle-ci retournera au point de d\u00e9part.Le Jungle Ball est un excellent jeu d\u2019adresse pour tout la famille.<\/p>\n<p><strong>Quantit\u00e9s disponible<\/strong>: Unique<br \/><strong>Cat\u00e9gorie<\/strong>: 4<\/p>\n","protected":false},"featured_media":1927,"template":"","meta":{"ocean_post_layout":"","ocean_both_sidebars_style":"","ocean_both_sidebars_content_width":0,"ocean_both_sidebars_sidebars_width":0,"ocean_sidebar":"","ocean_second_sidebar":"","ocean_disable_margins":"enable","ocean_add_body_class":"","ocean_shortcode_before_top_bar":"","ocean_shortcode_after_top_bar":"","ocean_shortcode_before_header":"","ocean_shortcode_after_header":"","ocean_has_shortcode":"","ocean_shortcode_after_title":"","ocean_shortcode_before_footer_widgets":"","ocean_shortcode_after_footer_widgets":"","ocean_shortcode_before_footer_bottom":"","ocean_shortcode_after_footer_bottom":"","ocean_display_top_bar":"default","ocean_display_header":"default","ocean_header_style":"","ocean_center_header_left_menu":"","ocean_custom_header_template":"","ocean_custom_logo":0,"ocean_custom_retina_logo":0,"ocean_custom_logo_max_width":0,"ocean_custom_logo_tablet_max_width":0,"ocean_custom_logo_mobile_max_width":0,"ocean_custom_logo_max_height":0,"ocean_custom_logo_tablet_max_height":0,"ocean_custom_logo_mobile_max_height":0,"ocean_header_custom_menu":"","ocean_menu_typo_font_family":"","ocean_menu_typo_font_subset":"","ocean_menu_typo_font_size":0,"ocean_menu_typo_font_size_tablet":0,"ocean_menu_typo_font_size_mobile":0,"ocean_menu_typo_font_size_unit":"px","ocean_menu_typo_font_weight":"","ocean_menu_typo_font_weight_tablet":"","ocean_menu_typo_font_weight_mobile":"","ocean_menu_typo_transform":"","ocean_menu_typo_transform_tablet":"","ocean_menu_typo_transform_mobile":"","ocean_menu_typo_line_height":0,"ocean_menu_typo_line_height_tablet":0,"ocean_menu_typo_line_height_mobile":0,"ocean_menu_typo_line_height_unit":"","ocean_menu_typo_spacing":0,"ocean_menu_typo_spacing_tablet":0,"ocean_menu_typo_spacing_mobile":0,"ocean_menu_typo_spacing_unit":"","ocean_menu_link_color":"","ocean_menu_link_color_hover":"","ocean_menu_link_color_active":"","ocean_menu_link_background":"","ocean_menu_link_hover_background":"","ocean_menu_link_active_background":"","ocean_menu_social_links_bg":"","ocean_menu_social_hover_links_bg":"","ocean_menu_social_links_color":"","ocean_menu_social_hover_links_color":"","ocean_disable_title":"default","ocean_disable_heading":"default","ocean_post_title":"","ocean_post_subheading":"","ocean_post_title_style":"","ocean_post_title_background_color":"","ocean_post_title_background":0,"ocean_post_title_bg_image_position":"","ocean_post_title_bg_image_attachment":"","ocean_post_title_bg_image_repeat":"","ocean_post_title_bg_image_size":"","ocean_post_title_height":0,"ocean_post_title_bg_overlay":0.5,"ocean_post_title_bg_overlay_color":"","ocean_disable_breadcrumbs":"default","ocean_breadcrumbs_color":"","ocean_breadcrumbs_separator_color":"","ocean_breadcrumbs_links_color":"","ocean_breadcrumbs_links_hover_color":"","ocean_display_footer_widgets":"default","ocean_display_footer_bottom":"default","ocean_custom_footer_template":""},"product_brand":[],"product_cat":[24],"product_tag":[],"class_list":{"0":"post-1707","1":"product","2":"type-product","3":"status-publish","4":"has-post-thumbnail","6":"product_cat-jeux","8":"entry","9":"has-media","11":"first","12":"instock","13":"purchasable","14":"product-type-simple","15":"col","16":"span_1_of_5","17":"owp-content-center","18":"owp-thumbs-layout-horizontal","19":"owp-btn-big","20":"owp-tabs-layout-horizontal","21":"circle-sale"},"yoast_head":"<!-- This site is optimized with the Yoast SEO plugin v27.4 - https:\/\/yoast.com\/product\/yoast-seo-wordpress\/ -->\n<title>JUNGLE BALL - LES BRINDILLES<\/title>\n<meta name=\"robots\" content=\"index, follow, max-snippet:-1, max-image-preview:large, max-video-preview:-1\" \/>\n<link rel=\"canonical\" href=\"https:\/\/lesbrindillescreation.com\/index.php\/produit\/jungle-ball\/\" \/>\n<meta property=\"og:locale\" content=\"fr_FR\" \/>\n<meta property=\"og:type\" content=\"article\" \/>\n<meta property=\"og:title\" content=\"JUNGLE BALL - LES BRINDILLES\" \/>\n<meta property=\"og:description\" content=\"Traverse la jungle sans tomber dans les pi\u00e8ges...Le but est de tirer les ficelles afin de faire suivre le parcours \u00e0 la bille. Cependant attention \u00e0 ne pas faire tomber la bille dans les trous, sinon celle-ci retournera au point de d\u00e9part.Le Jungle Ball est un excellent jeu d\u2019adresse pour tout la famille.Quantit\u00e9s disponible: UniqueCat\u00e9gorie: 4\" \/>\n<meta property=\"og:url\" content=\"https:\/\/lesbrindillescreation.com\/index.php\/produit\/jungle-ball\/\" \/>\n<meta property=\"og:site_name\" content=\"LES BRINDILLES\" \/>\n<meta property=\"article:modified_time\" content=\"2024-09-29T08:37:44+00:00\" \/>\n<meta property=\"og:image\" content=\"https:\/\/lesbrindillescreation.com\/wp-content\/uploads\/2024\/05\/4kOU3meAR26u6OR5ktxGg-scaled.jpg\" \/>\n\t<meta property=\"og:image:width\" content=\"1920\" \/>\n\t<meta property=\"og:image:height\" content=\"2560\" \/>\n\t<meta property=\"og:image:type\" content=\"image\/jpeg\" \/>\n<meta name=\"twitter:card\" content=\"summary_large_image\" \/>\n<script type=\"application\/ld+json\" class=\"yoast-schema-graph\">{\"@context\":\"https:\\\/\\\/schema.org\",\"@graph\":[{\"@type\":\"WebPage\",\"@id\":\"https:\\\/\\\/lesbrindillescreation.com\\\/index.php\\\/produit\\\/jungle-ball\\\/\",\"url\":\"https:\\\/\\\/lesbrindillescreation.com\\\/index.php\\\/produit\\\/jungle-ball\\\/\",\"name\":\"JUNGLE BALL - LES BRINDILLES\",\"isPartOf\":{\"@id\":\"https:\\\/\\\/lesbrindillescreation.com\\\/#website\"},\"primaryImageOfPage\":{\"@id\":\"https:\\\/\\\/lesbrindillescreation.com\\\/index.php\\\/produit\\\/jungle-ball\\\/#primaryimage\"},\"image\":{\"@id\":\"https:\\\/\\\/lesbrindillescreation.com\\\/index.php\\\/produit\\\/jungle-ball\\\/#primaryimage\"},\"thumbnailUrl\":\"https:\\\/\\\/lesbrindillescreation.com\\\/wp-content\\\/uploads\\\/2024\\\/05\\\/4kOU3meAR26u6OR5ktxGg-scaled.jpg\",\"datePublished\":\"2024-04-01T19:16:35+00:00\",\"dateModified\":\"2024-09-29T08:37:44+00:00\",\"breadcrumb\":{\"@id\":\"https:\\\/\\\/lesbrindillescreation.com\\\/index.php\\\/produit\\\/jungle-ball\\\/#breadcrumb\"},\"inLanguage\":\"fr-FR\",\"potentialAction\":[{\"@type\":\"ReadAction\",\"target\":[\"https:\\\/\\\/lesbrindillescreation.com\\\/index.php\\\/produit\\\/jungle-ball\\\/\"]}]},{\"@type\":\"ImageObject\",\"inLanguage\":\"fr-FR\",\"@id\":\"https:\\\/\\\/lesbrindillescreation.com\\\/index.php\\\/produit\\\/jungle-ball\\\/#primaryimage\",\"url\":\"https:\\\/\\\/lesbrindillescreation.com\\\/wp-content\\\/uploads\\\/2024\\\/05\\\/4kOU3meAR26u6OR5ktxGg-scaled.jpg\",\"contentUrl\":\"https:\\\/\\\/lesbrindillescreation.com\\\/wp-content\\\/uploads\\\/2024\\\/05\\\/4kOU3meAR26u6OR5ktxGg-scaled.jpg\",\"width\":1920,\"height\":2560},{\"@type\":\"BreadcrumbList\",\"@id\":\"https:\\\/\\\/lesbrindillescreation.com\\\/index.php\\\/produit\\\/jungle-ball\\\/#breadcrumb\",\"itemListElement\":[{\"@type\":\"ListItem\",\"position\":1,\"name\":\"Accueil\",\"item\":\"https:\\\/\\\/lesbrindillescreation.com\\\/\"},{\"@type\":\"ListItem\",\"position\":2,\"name\":\"Catalogue\",\"item\":\"https:\\\/\\\/lesbrindillescreation.com\\\/index.php\\\/boutique\\\/\"},{\"@type\":\"ListItem\",\"position\":3,\"name\":\"JUNGLE BALL\"}]},{\"@type\":\"WebSite\",\"@id\":\"https:\\\/\\\/lesbrindillescreation.com\\\/#website\",\"url\":\"https:\\\/\\\/lesbrindillescreation.com\\\/\",\"name\":\"LES BRINDILLES\",\"description\":\"Rien de se perd, tout se transforme...\",\"publisher\":{\"@id\":\"https:\\\/\\\/lesbrindillescreation.com\\\/#organization\"},\"potentialAction\":[{\"@type\":\"SearchAction\",\"target\":{\"@type\":\"EntryPoint\",\"urlTemplate\":\"https:\\\/\\\/lesbrindillescreation.com\\\/?s={search_term_string}\"},\"query-input\":{\"@type\":\"PropertyValueSpecification\",\"valueRequired\":true,\"valueName\":\"search_term_string\"}}],\"inLanguage\":\"fr-FR\"},{\"@type\":\"Organization\",\"@id\":\"https:\\\/\\\/lesbrindillescreation.com\\\/#organization\",\"name\":\"LES BRINDILLES\",\"url\":\"https:\\\/\\\/lesbrindillescreation.com\\\/\",\"logo\":{\"@type\":\"ImageObject\",\"inLanguage\":\"fr-FR\",\"@id\":\"https:\\\/\\\/lesbrindillescreation.com\\\/#\\\/schema\\\/logo\\\/image\\\/\",\"url\":\"https:\\\/\\\/lesbrindillescreation.com\\\/wp-content\\\/uploads\\\/2023\\\/12\\\/cropped-cropped-Logo-brindilles-1000-\u00d7-1000-px.png\",\"contentUrl\":\"https:\\\/\\\/lesbrindillescreation.com\\\/wp-content\\\/uploads\\\/2023\\\/12\\\/cropped-cropped-Logo-brindilles-1000-\u00d7-1000-px.png\",\"width\":1998,\"height\":1745,\"caption\":\"LES BRINDILLES\"},\"image\":{\"@id\":\"https:\\\/\\\/lesbrindillescreation.com\\\/#\\\/schema\\\/logo\\\/image\\\/\"},\"sameAs\":[\"https:\\\/\\\/www.instagram.com\\\/lesbrindillesdecoration\\\/\"]}]}<\/script>\n<!-- \/ Yoast SEO plugin. -->","yoast_head_json":{"title":"JUNGLE BALL - LES BRINDILLES","robots":{"index":"index","follow":"follow","max-snippet":"max-snippet:-1","max-image-preview":"max-image-preview:large","max-video-preview":"max-video-preview:-1"},"canonical":"https:\/\/lesbrindillescreation.com\/index.php\/produit\/jungle-ball\/","og_locale":"fr_FR","og_type":"article","og_title":"JUNGLE BALL - LES BRINDILLES","og_description":"Traverse la jungle sans tomber dans les pi\u00e8ges...Le but est de tirer les ficelles afin de faire suivre le parcours \u00e0 la bille. Cependant attention \u00e0 ne pas faire tomber la bille dans les trous, sinon celle-ci retournera au point de d\u00e9part.Le Jungle Ball est un excellent jeu d\u2019adresse pour tout la famille.Quantit\u00e9s disponible: UniqueCat\u00e9gorie: 4","og_url":"https:\/\/lesbrindillescreation.com\/index.php\/produit\/jungle-ball\/","og_site_name":"LES BRINDILLES","article_modified_time":"2024-09-29T08:37:44+00:00","og_image":[{"width":1920,"height":2560,"url":"https:\/\/lesbrindillescreation.com\/wp-content\/uploads\/2024\/05\/4kOU3meAR26u6OR5ktxGg-scaled.jpg","type":"image\/jpeg"}],"twitter_card":"summary_large_image","schema":{"@context":"https:\/\/schema.org","@graph":[{"@type":"WebPage","@id":"https:\/\/lesbrindillescreation.com\/index.php\/produit\/jungle-ball\/","url":"https:\/\/lesbrindillescreation.com\/index.php\/produit\/jungle-ball\/","name":"JUNGLE BALL - LES BRINDILLES","isPartOf":{"@id":"https:\/\/lesbrindillescreation.com\/#website"},"primaryImageOfPage":{"@id":"https:\/\/lesbrindillescreation.com\/index.php\/produit\/jungle-ball\/#primaryimage"},"image":{"@id":"https:\/\/lesbrindillescreation.com\/index.php\/produit\/jungle-ball\/#primaryimage"},"thumbnailUrl":"https:\/\/lesbrindillescreation.com\/wp-content\/uploads\/2024\/05\/4kOU3meAR26u6OR5ktxGg-scaled.jpg","datePublished":"2024-04-01T19:16:35+00:00","dateModified":"2024-09-29T08:37:44+00:00","breadcrumb":{"@id":"https:\/\/lesbrindillescreation.com\/index.php\/produit\/jungle-ball\/#breadcrumb"},"inLanguage":"fr-FR","potentialAction":[{"@type":"ReadAction","target":["https:\/\/lesbrindillescreation.com\/index.php\/produit\/jungle-ball\/"]}]},{"@type":"ImageObject","inLanguage":"fr-FR","@id":"https:\/\/lesbrindillescreation.com\/index.php\/produit\/jungle-ball\/#primaryimage","url":"https:\/\/lesbrindillescreation.com\/wp-content\/uploads\/2024\/05\/4kOU3meAR26u6OR5ktxGg-scaled.jpg","contentUrl":"https:\/\/lesbrindillescreation.com\/wp-content\/uploads\/2024\/05\/4kOU3meAR26u6OR5ktxGg-scaled.jpg","width":1920,"height":2560},{"@type":"BreadcrumbList","@id":"https:\/\/lesbrindillescreation.com\/index.php\/produit\/jungle-ball\/#breadcrumb","itemListElement":[{"@type":"ListItem","position":1,"name":"Accueil","item":"https:\/\/lesbrindillescreation.com\/"},{"@type":"ListItem","position":2,"name":"Catalogue","item":"https:\/\/lesbrindillescreation.com\/index.php\/boutique\/"},{"@type":"ListItem","position":3,"name":"JUNGLE BALL"}]},{"@type":"WebSite","@id":"https:\/\/lesbrindillescreation.com\/#website","url":"https:\/\/lesbrindillescreation.com\/","name":"LES BRINDILLES","description":"Rien de se perd, tout se transforme...","publisher":{"@id":"https:\/\/lesbrindillescreation.com\/#organization"},"potentialAction":[{"@type":"SearchAction","target":{"@type":"EntryPoint","urlTemplate":"https:\/\/lesbrindillescreation.com\/?s={search_term_string}"},"query-input":{"@type":"PropertyValueSpecification","valueRequired":true,"valueName":"search_term_string"}}],"inLanguage":"fr-FR"},{"@type":"Organization","@id":"https:\/\/lesbrindillescreation.com\/#organization","name":"LES BRINDILLES","url":"https:\/\/lesbrindillescreation.com\/","logo":{"@type":"ImageObject","inLanguage":"fr-FR","@id":"https:\/\/lesbrindillescreation.com\/#\/schema\/logo\/image\/","url":"https:\/\/lesbrindillescreation.com\/wp-content\/uploads\/2023\/12\/cropped-cropped-Logo-brindilles-1000-\u00d7-1000-px.png","contentUrl":"https:\/\/lesbrindillescreation.com\/wp-content\/uploads\/2023\/12\/cropped-cropped-Logo-brindilles-1000-\u00d7-1000-px.png","width":1998,"height":1745,"caption":"LES BRINDILLES"},"image":{"@id":"https:\/\/lesbrindillescreation.com\/#\/schema\/logo\/image\/"},"sameAs":["https:\/\/www.instagram.com\/lesbrindillesdecoration\/"]}]}},"_links":{"self":[{"href":"https:\/\/lesbrindillescreation.com\/index.php\/wp-json\/wp\/v2\/product\/1707","targetHints":{"allow":["GET"]}}],"collection":[{"href":"https:\/\/lesbrindillescreation.com\/index.php\/wp-json\/wp\/v2\/product"}],"about":[{"href":"https:\/\/lesbrindillescreation.com\/index.php\/wp-json\/wp\/v2\/types\/product"}],"version-history":[{"count":3,"href":"https:\/\/lesbrindillescreation.com\/index.php\/wp-json\/wp\/v2\/product\/1707\/revisions"}],"predecessor-version":[{"id":2018,"href":"https:\/\/lesbrindillescreation.com\/index.php\/wp-json\/wp\/v2\/product\/1707\/revisions\/2018"}],"wp:featuredmedia":[{"embeddable":true,"href":"https:\/\/lesbrindillescreation.com\/index.php\/wp-json\/wp\/v2\/media\/1927"}],"wp:attachment":[{"href":"https:\/\/lesbrindillescreation.com\/index.php\/wp-json\/wp\/v2\/media?parent=1707"}],"wp:term":[{"taxonomy":"product_brand","embeddable":true,"href":"https:\/\/lesbrindillescreation.com\/index.php\/wp-json\/wp\/v2\/product_brand?post=1707"},{"taxonomy":"product_cat","embeddable":true,"href":"https:\/\/lesbrindillescreation.com\/index.php\/wp-json\/wp\/v2\/product_cat?post=1707"},{"taxonomy":"product_tag","embeddable":true,"href":"https:\/\/lesbrindillescreation.com\/index.php\/wp-json\/wp\/v2\/product_tag?post=1707"}],"curies":[{"name":"wp","href":"https:\/\/api.w.org\/{rel}","templated":true}]}}