{"id":20,"date":"2023-11-29T14:29:51","date_gmt":"2023-11-29T13:29:51","guid":{"rendered":"http:\/\/lesbrie.cluster027.hosting.ovh.net\/?post_type=product&#038;p=20"},"modified":"2023-12-28T22:27:49","modified_gmt":"2023-12-28T21:27:49","slug":"candy-bar","status":"publish","type":"product","link":"https:\/\/lesbrindillescreation.com\/index.php\/produit\/candy-bar\/","title":{"rendered":"CANDY BAR"},"content":{"rendered":"","protected":false},"excerpt":{"rendered":"<p>Cr\u00e9\u00e9 et imagin\u00e9 par Les Brindilles. Ce Candy Bar apportera une touche d&rsquo;originalit\u00e9 \u00e0 vos \u00e9v\u00e8nements<br \/>Les mat\u00e9riaux utilis\u00e9s sont tous issus de la for\u00eat et Oui &#8230; du vrai bois d&rsquo;arbre \ud83d\ude1b<br \/>Panier, bonbonni\u00e8res, led, fanions en suppl\u00e9ments<br \/>Le petit plus: L&rsquo;or-In peut vous proposer de d\u00e9corer \u00e0 merveille votre Candy Bar \ud83d\ude42 <\/p>\n<p><strong>Dimensions<\/strong>: Hauteur 200 Cm<br \/><strong>Quantit\u00e9 disponible<\/strong>: Unique<br \/><em>Livraison et installation obligatoire pour ce produit<\/em><\/p>\n","protected":false},"featured_media":376,"template":"","meta":{"ocean_post_layout":"","ocean_both_sidebars_style":"","ocean_both_sidebars_content_width":0,"ocean_both_sidebars_sidebars_width":0,"ocean_sidebar":"","ocean_second_sidebar":"","ocean_disable_margins":"enable","ocean_add_body_class":"","ocean_shortcode_before_top_bar":"","ocean_shortcode_after_top_bar":"","ocean_shortcode_before_header":"","ocean_shortcode_after_header":"","ocean_has_shortcode":"","ocean_shortcode_after_title":"","ocean_shortcode_before_footer_widgets":"","ocean_shortcode_after_footer_widgets":"","ocean_shortcode_before_footer_bottom":"","ocean_shortcode_after_footer_bottom":"","ocean_display_top_bar":"default","ocean_display_header":"default","ocean_header_style":"","ocean_center_header_left_menu":"","ocean_custom_header_template":"","ocean_custom_logo":0,"ocean_custom_retina_logo":0,"ocean_custom_logo_max_width":0,"ocean_custom_logo_tablet_max_width":0,"ocean_custom_logo_mobile_max_width":0,"ocean_custom_logo_max_height":0,"ocean_custom_logo_tablet_max_height":0,"ocean_custom_logo_mobile_max_height":0,"ocean_header_custom_menu":"","ocean_menu_typo_font_family":"","ocean_menu_typo_font_subset":"","ocean_menu_typo_font_size":0,"ocean_menu_typo_font_size_tablet":0,"ocean_menu_typo_font_size_mobile":0,"ocean_menu_typo_font_size_unit":"px","ocean_menu_typo_font_weight":"","ocean_menu_typo_font_weight_tablet":"","ocean_menu_typo_font_weight_mobile":"","ocean_menu_typo_transform":"","ocean_menu_typo_transform_tablet":"","ocean_menu_typo_transform_mobile":"","ocean_menu_typo_line_height":0,"ocean_menu_typo_line_height_tablet":0,"ocean_menu_typo_line_height_mobile":0,"ocean_menu_typo_line_height_unit":"","ocean_menu_typo_spacing":0,"ocean_menu_typo_spacing_tablet":0,"ocean_menu_typo_spacing_mobile":0,"ocean_menu_typo_spacing_unit":"","ocean_menu_link_color":"","ocean_menu_link_color_hover":"","ocean_menu_link_color_active":"","ocean_menu_link_background":"","ocean_menu_link_hover_background":"","ocean_menu_link_active_background":"","ocean_menu_social_links_bg":"","ocean_menu_social_hover_links_bg":"","ocean_menu_social_links_color":"","ocean_menu_social_hover_links_color":"","ocean_disable_title":"default","ocean_disable_heading":"default","ocean_post_title":"","ocean_post_subheading":"","ocean_post_title_style":"","ocean_post_title_background_color":"","ocean_post_title_background":0,"ocean_post_title_bg_image_position":"","ocean_post_title_bg_image_attachment":"","ocean_post_title_bg_image_repeat":"","ocean_post_title_bg_image_size":"","ocean_post_title_height":0,"ocean_post_title_bg_overlay":0.5,"ocean_post_title_bg_overlay_color":"","ocean_disable_breadcrumbs":"default","ocean_breadcrumbs_color":"","ocean_breadcrumbs_separator_color":"","ocean_breadcrumbs_links_color":"","ocean_breadcrumbs_links_hover_color":"","ocean_display_footer_widgets":"default","ocean_display_footer_bottom":"default","ocean_custom_footer_template":""},"product_brand":[],"product_cat":[22,27],"product_tag":[],"class_list":{"0":"post-20","1":"product","2":"type-product","3":"status-publish","4":"has-post-thumbnail","6":"product_cat-mobilier","7":"product_cat-reception","9":"entry","10":"has-media","12":"first","13":"instock","14":"purchasable","15":"product-type-simple","16":"col","17":"span_1_of_5","18":"owp-content-center","19":"owp-thumbs-layout-horizontal","20":"owp-btn-big","21":"owp-tabs-layout-horizontal","22":"has-no-thumbnails","23":"circle-sale"},"yoast_head":"<!-- This site is optimized with the Yoast SEO plugin v27.4 - https:\/\/yoast.com\/product\/yoast-seo-wordpress\/ -->\n<title>CANDY BAR - LES BRINDILLES<\/title>\n<meta name=\"robots\" content=\"index, follow, max-snippet:-1, max-image-preview:large, max-video-preview:-1\" \/>\n<link rel=\"canonical\" href=\"https:\/\/lesbrindillescreation.com\/index.php\/produit\/candy-bar\/\" \/>\n<meta property=\"og:locale\" content=\"fr_FR\" \/>\n<meta property=\"og:type\" content=\"article\" \/>\n<meta property=\"og:title\" content=\"CANDY BAR - LES BRINDILLES\" \/>\n<meta property=\"og:description\" content=\"Cr\u00e9\u00e9 et imagin\u00e9 par Les Brindilles. Ce Candy Bar apportera une touche d&#039;originalit\u00e9 \u00e0 vos \u00e9v\u00e8nementsLes mat\u00e9riaux utilis\u00e9s sont tous issus de la for\u00eat et Oui ... du vrai bois d&#039;arbre :-PPanier, bonbonni\u00e8res, led, fanions en suppl\u00e9mentsLe petit plus: L&#039;or-In peut vous proposer de d\u00e9corer \u00e0 merveille votre Candy Bar :) Dimensions: Hauteur 200 CmQuantit\u00e9 disponible: UniqueLivraison et installation obligatoire pour ce produit\" \/>\n<meta property=\"og:url\" content=\"https:\/\/lesbrindillescreation.com\/index.php\/produit\/candy-bar\/\" \/>\n<meta property=\"og:site_name\" content=\"LES BRINDILLES\" \/>\n<meta property=\"article:modified_time\" content=\"2023-12-28T21:27:49+00:00\" \/>\n<meta property=\"og:image\" content=\"https:\/\/lesbrindillescreation.com\/wp-content\/uploads\/2023\/12\/IMG_0655.jpg\" \/>\n\t<meta property=\"og:image:width\" content=\"2049\" \/>\n\t<meta property=\"og:image:height\" content=\"1870\" \/>\n\t<meta property=\"og:image:type\" content=\"image\/jpeg\" \/>\n<meta name=\"twitter:card\" content=\"summary_large_image\" \/>\n<script type=\"application\/ld+json\" class=\"yoast-schema-graph\">{\"@context\":\"https:\\\/\\\/schema.org\",\"@graph\":[{\"@type\":\"WebPage\",\"@id\":\"https:\\\/\\\/lesbrindillescreation.com\\\/index.php\\\/produit\\\/candy-bar\\\/\",\"url\":\"https:\\\/\\\/lesbrindillescreation.com\\\/index.php\\\/produit\\\/candy-bar\\\/\",\"name\":\"CANDY BAR - LES BRINDILLES\",\"isPartOf\":{\"@id\":\"https:\\\/\\\/lesbrindillescreation.com\\\/#website\"},\"primaryImageOfPage\":{\"@id\":\"https:\\\/\\\/lesbrindillescreation.com\\\/index.php\\\/produit\\\/candy-bar\\\/#primaryimage\"},\"image\":{\"@id\":\"https:\\\/\\\/lesbrindillescreation.com\\\/index.php\\\/produit\\\/candy-bar\\\/#primaryimage\"},\"thumbnailUrl\":\"https:\\\/\\\/lesbrindillescreation.com\\\/wp-content\\\/uploads\\\/2023\\\/12\\\/IMG_0655.jpg\",\"datePublished\":\"2023-11-29T13:29:51+00:00\",\"dateModified\":\"2023-12-28T21:27:49+00:00\",\"breadcrumb\":{\"@id\":\"https:\\\/\\\/lesbrindillescreation.com\\\/index.php\\\/produit\\\/candy-bar\\\/#breadcrumb\"},\"inLanguage\":\"fr-FR\",\"potentialAction\":[{\"@type\":\"ReadAction\",\"target\":[\"https:\\\/\\\/lesbrindillescreation.com\\\/index.php\\\/produit\\\/candy-bar\\\/\"]}]},{\"@type\":\"ImageObject\",\"inLanguage\":\"fr-FR\",\"@id\":\"https:\\\/\\\/lesbrindillescreation.com\\\/index.php\\\/produit\\\/candy-bar\\\/#primaryimage\",\"url\":\"https:\\\/\\\/lesbrindillescreation.com\\\/wp-content\\\/uploads\\\/2023\\\/12\\\/IMG_0655.jpg\",\"contentUrl\":\"https:\\\/\\\/lesbrindillescreation.com\\\/wp-content\\\/uploads\\\/2023\\\/12\\\/IMG_0655.jpg\",\"width\":2049,\"height\":1870},{\"@type\":\"BreadcrumbList\",\"@id\":\"https:\\\/\\\/lesbrindillescreation.com\\\/index.php\\\/produit\\\/candy-bar\\\/#breadcrumb\",\"itemListElement\":[{\"@type\":\"ListItem\",\"position\":1,\"name\":\"Accueil\",\"item\":\"https:\\\/\\\/lesbrindillescreation.com\\\/\"},{\"@type\":\"ListItem\",\"position\":2,\"name\":\"Catalogue\",\"item\":\"https:\\\/\\\/lesbrindillescreation.com\\\/index.php\\\/boutique\\\/\"},{\"@type\":\"ListItem\",\"position\":3,\"name\":\"CANDY BAR\"}]},{\"@type\":\"WebSite\",\"@id\":\"https:\\\/\\\/lesbrindillescreation.com\\\/#website\",\"url\":\"https:\\\/\\\/lesbrindillescreation.com\\\/\",\"name\":\"LES BRINDILLES\",\"description\":\"Rien de se perd, tout se transforme...\",\"publisher\":{\"@id\":\"https:\\\/\\\/lesbrindillescreation.com\\\/#organization\"},\"potentialAction\":[{\"@type\":\"SearchAction\",\"target\":{\"@type\":\"EntryPoint\",\"urlTemplate\":\"https:\\\/\\\/lesbrindillescreation.com\\\/?s={search_term_string}\"},\"query-input\":{\"@type\":\"PropertyValueSpecification\",\"valueRequired\":true,\"valueName\":\"search_term_string\"}}],\"inLanguage\":\"fr-FR\"},{\"@type\":\"Organization\",\"@id\":\"https:\\\/\\\/lesbrindillescreation.com\\\/#organization\",\"name\":\"LES BRINDILLES\",\"url\":\"https:\\\/\\\/lesbrindillescreation.com\\\/\",\"logo\":{\"@type\":\"ImageObject\",\"inLanguage\":\"fr-FR\",\"@id\":\"https:\\\/\\\/lesbrindillescreation.com\\\/#\\\/schema\\\/logo\\\/image\\\/\",\"url\":\"https:\\\/\\\/lesbrindillescreation.com\\\/wp-content\\\/uploads\\\/2023\\\/12\\\/cropped-cropped-Logo-brindilles-1000-\u00d7-1000-px.png\",\"contentUrl\":\"https:\\\/\\\/lesbrindillescreation.com\\\/wp-content\\\/uploads\\\/2023\\\/12\\\/cropped-cropped-Logo-brindilles-1000-\u00d7-1000-px.png\",\"width\":1998,\"height\":1745,\"caption\":\"LES BRINDILLES\"},\"image\":{\"@id\":\"https:\\\/\\\/lesbrindillescreation.com\\\/#\\\/schema\\\/logo\\\/image\\\/\"},\"sameAs\":[\"https:\\\/\\\/www.instagram.com\\\/lesbrindillesdecoration\\\/\"]}]}<\/script>\n<!-- \/ Yoast SEO plugin. -->","yoast_head_json":{"title":"CANDY BAR - LES BRINDILLES","robots":{"index":"index","follow":"follow","max-snippet":"max-snippet:-1","max-image-preview":"max-image-preview:large","max-video-preview":"max-video-preview:-1"},"canonical":"https:\/\/lesbrindillescreation.com\/index.php\/produit\/candy-bar\/","og_locale":"fr_FR","og_type":"article","og_title":"CANDY BAR - LES BRINDILLES","og_description":"Cr\u00e9\u00e9 et imagin\u00e9 par Les Brindilles. Ce Candy Bar apportera une touche d'originalit\u00e9 \u00e0 vos \u00e9v\u00e8nementsLes mat\u00e9riaux utilis\u00e9s sont tous issus de la for\u00eat et Oui ... du vrai bois d'arbre :-PPanier, bonbonni\u00e8res, led, fanions en suppl\u00e9mentsLe petit plus: L'or-In peut vous proposer de d\u00e9corer \u00e0 merveille votre Candy Bar :) Dimensions: Hauteur 200 CmQuantit\u00e9 disponible: UniqueLivraison et installation obligatoire pour ce produit","og_url":"https:\/\/lesbrindillescreation.com\/index.php\/produit\/candy-bar\/","og_site_name":"LES BRINDILLES","article_modified_time":"2023-12-28T21:27:49+00:00","og_image":[{"width":2049,"height":1870,"url":"https:\/\/lesbrindillescreation.com\/wp-content\/uploads\/2023\/12\/IMG_0655.jpg","type":"image\/jpeg"}],"twitter_card":"summary_large_image","schema":{"@context":"https:\/\/schema.org","@graph":[{"@type":"WebPage","@id":"https:\/\/lesbrindillescreation.com\/index.php\/produit\/candy-bar\/","url":"https:\/\/lesbrindillescreation.com\/index.php\/produit\/candy-bar\/","name":"CANDY BAR - LES BRINDILLES","isPartOf":{"@id":"https:\/\/lesbrindillescreation.com\/#website"},"primaryImageOfPage":{"@id":"https:\/\/lesbrindillescreation.com\/index.php\/produit\/candy-bar\/#primaryimage"},"image":{"@id":"https:\/\/lesbrindillescreation.com\/index.php\/produit\/candy-bar\/#primaryimage"},"thumbnailUrl":"https:\/\/lesbrindillescreation.com\/wp-content\/uploads\/2023\/12\/IMG_0655.jpg","datePublished":"2023-11-29T13:29:51+00:00","dateModified":"2023-12-28T21:27:49+00:00","breadcrumb":{"@id":"https:\/\/lesbrindillescreation.com\/index.php\/produit\/candy-bar\/#breadcrumb"},"inLanguage":"fr-FR","potentialAction":[{"@type":"ReadAction","target":["https:\/\/lesbrindillescreation.com\/index.php\/produit\/candy-bar\/"]}]},{"@type":"ImageObject","inLanguage":"fr-FR","@id":"https:\/\/lesbrindillescreation.com\/index.php\/produit\/candy-bar\/#primaryimage","url":"https:\/\/lesbrindillescreation.com\/wp-content\/uploads\/2023\/12\/IMG_0655.jpg","contentUrl":"https:\/\/lesbrindillescreation.com\/wp-content\/uploads\/2023\/12\/IMG_0655.jpg","width":2049,"height":1870},{"@type":"BreadcrumbList","@id":"https:\/\/lesbrindillescreation.com\/index.php\/produit\/candy-bar\/#breadcrumb","itemListElement":[{"@type":"ListItem","position":1,"name":"Accueil","item":"https:\/\/lesbrindillescreation.com\/"},{"@type":"ListItem","position":2,"name":"Catalogue","item":"https:\/\/lesbrindillescreation.com\/index.php\/boutique\/"},{"@type":"ListItem","position":3,"name":"CANDY BAR"}]},{"@type":"WebSite","@id":"https:\/\/lesbrindillescreation.com\/#website","url":"https:\/\/lesbrindillescreation.com\/","name":"LES BRINDILLES","description":"Rien de se perd, tout se transforme...","publisher":{"@id":"https:\/\/lesbrindillescreation.com\/#organization"},"potentialAction":[{"@type":"SearchAction","target":{"@type":"EntryPoint","urlTemplate":"https:\/\/lesbrindillescreation.com\/?s={search_term_string}"},"query-input":{"@type":"PropertyValueSpecification","valueRequired":true,"valueName":"search_term_string"}}],"inLanguage":"fr-FR"},{"@type":"Organization","@id":"https:\/\/lesbrindillescreation.com\/#organization","name":"LES BRINDILLES","url":"https:\/\/lesbrindillescreation.com\/","logo":{"@type":"ImageObject","inLanguage":"fr-FR","@id":"https:\/\/lesbrindillescreation.com\/#\/schema\/logo\/image\/","url":"https:\/\/lesbrindillescreation.com\/wp-content\/uploads\/2023\/12\/cropped-cropped-Logo-brindilles-1000-\u00d7-1000-px.png","contentUrl":"https:\/\/lesbrindillescreation.com\/wp-content\/uploads\/2023\/12\/cropped-cropped-Logo-brindilles-1000-\u00d7-1000-px.png","width":1998,"height":1745,"caption":"LES BRINDILLES"},"image":{"@id":"https:\/\/lesbrindillescreation.com\/#\/schema\/logo\/image\/"},"sameAs":["https:\/\/www.instagram.com\/lesbrindillesdecoration\/"]}]}},"_links":{"self":[{"href":"https:\/\/lesbrindillescreation.com\/index.php\/wp-json\/wp\/v2\/product\/20","targetHints":{"allow":["GET"]}}],"collection":[{"href":"https:\/\/lesbrindillescreation.com\/index.php\/wp-json\/wp\/v2\/product"}],"about":[{"href":"https:\/\/lesbrindillescreation.com\/index.php\/wp-json\/wp\/v2\/types\/product"}],"version-history":[{"count":2,"href":"https:\/\/lesbrindillescreation.com\/index.php\/wp-json\/wp\/v2\/product\/20\/revisions"}],"predecessor-version":[{"id":637,"href":"https:\/\/lesbrindillescreation.com\/index.php\/wp-json\/wp\/v2\/product\/20\/revisions\/637"}],"wp:featuredmedia":[{"embeddable":true,"href":"https:\/\/lesbrindillescreation.com\/index.php\/wp-json\/wp\/v2\/media\/376"}],"wp:attachment":[{"href":"https:\/\/lesbrindillescreation.com\/index.php\/wp-json\/wp\/v2\/media?parent=20"}],"wp:term":[{"taxonomy":"product_brand","embeddable":true,"href":"https:\/\/lesbrindillescreation.com\/index.php\/wp-json\/wp\/v2\/product_brand?post=20"},{"taxonomy":"product_cat","embeddable":true,"href":"https:\/\/lesbrindillescreation.com\/index.php\/wp-json\/wp\/v2\/product_cat?post=20"},{"taxonomy":"product_tag","embeddable":true,"href":"https:\/\/lesbrindillescreation.com\/index.php\/wp-json\/wp\/v2\/product_tag?post=20"}],"curies":[{"name":"wp","href":"https:\/\/api.w.org\/{rel}","templated":true}]}}